{"id":7,"date":"2024-04-18T09:27:35","date_gmt":"2024-04-18T07:27:35","guid":{"rendered":"https:\/\/www.angekopmanna.se\/butiker\/?page_id=7"},"modified":"2025-12-29T17:49:17","modified_gmt":"2025-12-29T16:49:17","slug":"startsida","status":"publish","type":"page","link":"https:\/\/www.angekopmanna.se\/","title":{"rendered":"Startsida"},"content":{"rendered":"\n\n\n\n","protected":false},"excerpt":{"rendered":"","protected":false},"author":1,"featured_media":0,"parent":0,"menu_order":0,"comment_status":"closed","ping_status":"closed","template":"","meta":{"saved_in_kubio":true,"_monsterinsights_skip_tracking":false,"_monsterinsights_sitenote_active":false,"_monsterinsights_sitenote_note":"","_monsterinsights_sitenote_category":0,"footnotes":""},"yoast_head":"<!-- This site is optimized with the Yoast SEO plugin v22.9 - https:\/\/yoast.com\/wordpress\/plugins\/seo\/ -->\n<title>Startsida - \u00c5nge K\u00f6pmannaf\u00f6rening<\/title>\n<meta name=\"robots\" content=\"index, follow, max-snippet:-1, max-image-preview:large, max-video-preview:-1\" \/>\n<link rel=\"canonical\" href=\"https:\/\/www.angekopmanna.se\/\" \/>\n<meta property=\"og:locale\" content=\"sv_SE\" \/>\n<meta property=\"og:type\" content=\"article\" \/>\n<meta property=\"og:title\" content=\"Startsida - \u00c5nge K\u00f6pmannaf\u00f6rening\" \/>\n<meta property=\"og:url\" content=\"https:\/\/www.angekopmanna.se\/\" \/>\n<meta property=\"og:site_name\" content=\"\u00c5nge K\u00f6pmannaf\u00f6rening\" \/>\n<meta property=\"article:modified_time\" content=\"2025-12-29T16:49:17+00:00\" \/>\n<meta name=\"twitter:card\" content=\"summary_large_image\" \/>\n<script type=\"application\/ld+json\" class=\"yoast-schema-graph\">{\"@context\":\"https:\/\/schema.org\",\"@graph\":[{\"@type\":\"WebPage\",\"@id\":\"https:\/\/www.angekopmanna.se\/\",\"url\":\"https:\/\/www.angekopmanna.se\/\",\"name\":\"Startsida - \u00c5nge K\u00f6pmannaf\u00f6rening\",\"isPartOf\":{\"@id\":\"https:\/\/www.angekopmanna.se\/#website\"},\"datePublished\":\"2024-04-18T07:27:35+00:00\",\"dateModified\":\"2025-12-29T16:49:17+00:00\",\"breadcrumb\":{\"@id\":\"https:\/\/www.angekopmanna.se\/#breadcrumb\"},\"inLanguage\":\"sv-SE\",\"potentialAction\":[{\"@type\":\"ReadAction\",\"target\":[\"https:\/\/www.angekopmanna.se\/\"]}]},{\"@type\":\"BreadcrumbList\",\"@id\":\"https:\/\/www.angekopmanna.se\/#breadcrumb\",\"itemListElement\":[{\"@type\":\"ListItem\",\"position\":1,\"name\":\"Home\",\"item\":\"https:\/\/www.angekopmanna.se\/\"},{\"@type\":\"ListItem\",\"position\":2,\"name\":\"Startsida\"}]},{\"@type\":\"WebSite\",\"@id\":\"https:\/\/www.angekopmanna.se\/#website\",\"url\":\"https:\/\/www.angekopmanna.se\/\",\"name\":\"\u00c5nge K\u00f6pmannaf\u00f6rening\",\"description\":\"\",\"publisher\":{\"@id\":\"https:\/\/www.angekopmanna.se\/#organization\"},\"potentialAction\":[{\"@type\":\"SearchAction\",\"target\":{\"@type\":\"EntryPoint\",\"urlTemplate\":\"https:\/\/www.angekopmanna.se\/?s={search_term_string}\"},\"query-input\":\"required name=search_term_string\"}],\"inLanguage\":\"sv-SE\"},{\"@type\":\"Organization\",\"@id\":\"https:\/\/www.angekopmanna.se\/#organization\",\"name\":\"\u00c5nge K\u00f6pmannaf\u00f6rening\",\"url\":\"https:\/\/www.angekopmanna.se\/\",\"logo\":{\"@type\":\"ImageObject\",\"inLanguage\":\"sv-SE\",\"@id\":\"https:\/\/www.angekopmanna.se\/#\/schema\/logo\/image\/\",\"url\":\"https:\/\/www.angekopmanna.se\/wp-content\/uploads\/2024\/04\/ange-kopmannaforening-vit-logga.png\",\"contentUrl\":\"https:\/\/www.angekopmanna.se\/wp-content\/uploads\/2024\/04\/ange-kopmannaforening-vit-logga.png\",\"width\":1888,\"height\":886,\"caption\":\"\u00c5nge K\u00f6pmannaf\u00f6rening\"},\"image\":{\"@id\":\"https:\/\/www.angekopmanna.se\/#\/schema\/logo\/image\/\"}}]}<\/script>\n<!-- \/ Yoast SEO plugin. -->","yoast_head_json":{"title":"Startsida - \u00c5nge K\u00f6pmannaf\u00f6rening","robots":{"index":"index","follow":"follow","max-snippet":"max-snippet:-1","max-image-preview":"max-image-preview:large","max-video-preview":"max-video-preview:-1"},"canonical":"https:\/\/www.angekopmanna.se\/","og_locale":"sv_SE","og_type":"article","og_title":"Startsida - \u00c5nge K\u00f6pmannaf\u00f6rening","og_url":"https:\/\/www.angekopmanna.se\/","og_site_name":"\u00c5nge K\u00f6pmannaf\u00f6rening","article_modified_time":"2025-12-29T16:49:17+00:00","twitter_card":"summary_large_image","schema":{"@context":"https:\/\/schema.org","@graph":[{"@type":"WebPage","@id":"https:\/\/www.angekopmanna.se\/","url":"https:\/\/www.angekopmanna.se\/","name":"Startsida - \u00c5nge K\u00f6pmannaf\u00f6rening","isPartOf":{"@id":"https:\/\/www.angekopmanna.se\/#website"},"datePublished":"2024-04-18T07:27:35+00:00","dateModified":"2025-12-29T16:49:17+00:00","breadcrumb":{"@id":"https:\/\/www.angekopmanna.se\/#breadcrumb"},"inLanguage":"sv-SE","potentialAction":[{"@type":"ReadAction","target":["https:\/\/www.angekopmanna.se\/"]}]},{"@type":"BreadcrumbList","@id":"https:\/\/www.angekopmanna.se\/#breadcrumb","itemListElement":[{"@type":"ListItem","position":1,"name":"Home","item":"https:\/\/www.angekopmanna.se\/"},{"@type":"ListItem","position":2,"name":"Startsida"}]},{"@type":"WebSite","@id":"https:\/\/www.angekopmanna.se\/#website","url":"https:\/\/www.angekopmanna.se\/","name":"\u00c5nge K\u00f6pmannaf\u00f6rening","description":"","publisher":{"@id":"https:\/\/www.angekopmanna.se\/#organization"},"potentialAction":[{"@type":"SearchAction","target":{"@type":"EntryPoint","urlTemplate":"https:\/\/www.angekopmanna.se\/?s={search_term_string}"},"query-input":"required name=search_term_string"}],"inLanguage":"sv-SE"},{"@type":"Organization","@id":"https:\/\/www.angekopmanna.se\/#organization","name":"\u00c5nge K\u00f6pmannaf\u00f6rening","url":"https:\/\/www.angekopmanna.se\/","logo":{"@type":"ImageObject","inLanguage":"sv-SE","@id":"https:\/\/www.angekopmanna.se\/#\/schema\/logo\/image\/","url":"https:\/\/www.angekopmanna.se\/wp-content\/uploads\/2024\/04\/ange-kopmannaforening-vit-logga.png","contentUrl":"https:\/\/www.angekopmanna.se\/wp-content\/uploads\/2024\/04\/ange-kopmannaforening-vit-logga.png","width":1888,"height":886,"caption":"\u00c5nge K\u00f6pmannaf\u00f6rening"},"image":{"@id":"https:\/\/www.angekopmanna.se\/#\/schema\/logo\/image\/"}}]}},"kubio_ai_page_context":{"short_desc":"","purpose":"general"},"_links":{"self":[{"href":"https:\/\/www.angekopmanna.se\/index.php?rest_route=\/wp\/v2\/pages\/7"}],"collection":[{"href":"https:\/\/www.angekopmanna.se\/index.php?rest_route=\/wp\/v2\/pages"}],"about":[{"href":"https:\/\/www.angekopmanna.se\/index.php?rest_route=\/wp\/v2\/types\/page"}],"author":[{"embeddable":true,"href":"https:\/\/www.angekopmanna.se\/index.php?rest_route=\/wp\/v2\/users\/1"}],"replies":[{"embeddable":true,"href":"https:\/\/www.angekopmanna.se\/index.php?rest_route=%2Fwp%2Fv2%2Fcomments&post=7"}],"version-history":[{"count":7,"href":"https:\/\/www.angekopmanna.se\/index.php?rest_route=\/wp\/v2\/pages\/7\/revisions"}],"predecessor-version":[{"id":268,"href":"https:\/\/www.angekopmanna.se\/index.php?rest_route=\/wp\/v2\/pages\/7\/revisions\/268"}],"wp:attachment":[{"href":"https:\/\/www.angekopmanna.se\/index.php?rest_route=%2Fwp%2Fv2%2Fmedia&parent=7"}],"curies":[{"name":"wp","href":"https:\/\/api.w.org\/{rel}","templated":true}]}}